{"id":1580,"date":"2020-11-10T10:09:02","date_gmt":"2020-11-10T09:09:02","guid":{"rendered":"https:\/\/covid.si\/?page_id=1580"},"modified":"2020-11-10T13:19:25","modified_gmt":"2020-11-10T12:19:25","slug":"o-projektu","status":"publish","type":"page","link":"https:\/\/covid.si\/o-projektu\/","title":{"rendered":"O projektu"},"content":{"rendered":"\t\t<div data-elementor-type=\"wp-page\" data-elementor-id=\"1580\" class=\"elementor elementor-1580\" data-elementor-post-type=\"page\">\n\t\t\t\t\t\t<section data-particle_enable=\"false\" data-particle-mobile-disabled=\"false\" class=\"elementor-section elementor-top-section elementor-element elementor-element-088d1a2 elementor-section-boxed elementor-section-height-default elementor-section-height-default\" data-id=\"088d1a2\" data-element_type=\"section\">\n\t\t\t\t\t\t<div class=\"elementor-container elementor-column-gap-default\">\n\t\t\t\t\t<div class=\"elementor-column elementor-col-100 elementor-top-column elementor-element elementor-element-f7addd5\" data-id=\"f7addd5\" data-element_type=\"column\">\n\t\t\t<div class=\"elementor-widget-wrap elementor-element-populated\">\n\t\t\t\t\t\t<div class=\"elementor-element elementor-element-76ecae1 elementor-widget elementor-widget-heading\" data-id=\"76ecae1\" data-element_type=\"widget\" data-widget_type=\"heading.default\">\n\t\t\t\t<div class=\"elementor-widget-container\">\n\t\t\t<h2 class=\"elementor-heading-title elementor-size-default\">O projektu<\/h2>\t\t<\/div>\n\t\t\t\t<\/div>\n\t\t\t\t<div class=\"elementor-element elementor-element-925afdb elementor-widget elementor-widget-text-editor\" data-id=\"925afdb\" data-element_type=\"widget\" data-widget_type=\"text-editor.default\">\n\t\t\t\t<div class=\"elementor-widget-container\">\n\t\t\t\t\t\t\t<p style=\"box-sizing: inherit;\">Projekt \u201cSKUPNOSTNA ZNANOST IN BOJ PROTI KORONA VIRUSU\u201d je odprt projekt skupnosti dobromisle\u010dih raziskovalcev in prostovoljcev, ki \u017eelimo s svojim delom, znanjem in izku\u0161njami, prispevati kamen\u010dek v mozaiku poznavanja novega korona virusa in bolezni COVID-19, ki jo ta virus povzro\u010da. Skupino vodiva strokovnjaka dr. \u010crtomir Podlipnik in dr. Marko Juki\u0107, z dolgoletnimi izku\u0161njami s podro\u010dja ra\u010dunalni\u0161ko podprtega na\u010drtovanja molekul, farmacevtske kemije in kemo\/bioinformatike.<\/p>\n<p style=\"box-sizing: inherit;\">S somi\u0161ljeniki ter prostovoljci so v zelo kratkem \u010dasu razvili lastno tehnologijo, ki omogo\u010da distribuirano ra\u010dunanje molekulskega sidranja. Tehnologija je osnovana na program\u010dku, ki omogo\u010da &nbsp;&nbsp;povezavo uporabnikovega ra\u010dunalnika s stre\u017enikom, ki distribuira del knji\u017enice molekul pripravljenih za molekulsko sidranje (trenutno 10 000 000 spojin). Po kon\u010danem sidranju (s programom <a style=\"box-sizing: inherit;\" href=\"https:\/\/www.rxdock.org\/\" target=\"_blank\" rel=\"noreferrer noopener\">RxDock<\/a>), program\u010dek po\u0161lje &nbsp;izra\u010dunane podatke nazaj na zbirno mesto na stre\u017eniku. Po analizi sidranih spojin bi bil kon\u010dni rezultat seznam molekul s potencialno vezavo na terapevtsko tar\u010do (v na\u0161em primeru so to virusni proteini). Nato bi lahko preverili ali so te spojine dobavljive in organizirali biolo\u0161ko testiranje v sodelovanju z ostalimi raziskovalnimi skupinami. Podatke o nedobavljivih spojinah bi v nasprotnem primeru lahko posredovali raziskovalnim skupinam za izvedbo sinteze. V optimalnem scenariju bi lahko identificirali spojine zanimive za farmacevtsko industrijo. V kratkem gre za zgodnje raziskave, ki lahko pripomorejo k razvoju zdravila.<\/p>\n<p style=\"box-sizing: inherit;\">Na\u0161a re\u0161itev za distribuirano ra\u010dunanje je osnovana na odprtokodnih re\u0161itvah, program za distribuirano ra\u010dunanje smo napisali sami in najdete v repozitoriju GIT:<\/p>\n<p style=\"box-sizing: inherit;\">Za molekulsko sidranje uporabljamo program RxDOCK, ki je prilagojen za operacijske sisteme: Linux, Windows in MacOS.<\/p><ul>\n<\/ul>\t\t\t\t\t\t<\/div>\n\t\t\t\t<\/div>\n\t\t\t\t\t<\/div>\n\t\t<\/div>\n\t\t\t\t\t<\/div>\n\t\t<\/section>\n\t\t\t\t<\/div>\n\t\t","protected":false},"excerpt":{"rendered":"<p>O projektu Projekt \u201cSKUPNOSTNA ZNANOST IN BOJ PROTI KORONA VIRUSU\u201d je odprt projekt skupnosti dobromisle\u010dih raziskovalcev in prostovoljcev, ki \u017eelimo [&hellip;]<\/p>\n","protected":false},"author":5,"featured_media":0,"parent":0,"menu_order":0,"comment_status":"closed","ping_status":"closed","template":"elementor_header_footer","meta":{"footnotes":""},"yoast_head":"<!-- This site is optimized with the Yoast SEO plugin v22.5 - https:\/\/yoast.com\/wordpress\/plugins\/seo\/ -->\n<title>O projektu - COVID.SI<\/title>\n<meta name=\"robots\" content=\"index, follow, max-snippet:-1, max-image-preview:large, max-video-preview:-1\" \/>\n<link rel=\"canonical\" href=\"https:\/\/covid.si\/o-projektu\/\" \/>\n<meta property=\"og:locale\" content=\"en_GB\" \/>\n<meta property=\"og:type\" content=\"article\" \/>\n<meta property=\"og:title\" content=\"O projektu - COVID.SI\" \/>\n<meta property=\"og:description\" content=\"O projektu Projekt \u201cSKUPNOSTNA ZNANOST IN BOJ PROTI KORONA VIRUSU\u201d je odprt projekt skupnosti dobromisle\u010dih raziskovalcev in prostovoljcev, ki \u017eelimo [&hellip;]\" \/>\n<meta property=\"og:url\" content=\"https:\/\/covid.si\/o-projektu\/\" \/>\n<meta property=\"og:site_name\" content=\"COVID.SI\" \/>\n<meta property=\"article:modified_time\" content=\"2020-11-10T12:19:25+00:00\" \/>\n<meta name=\"twitter:card\" content=\"summary_large_image\" \/>\n<meta name=\"twitter:label1\" content=\"Estimated reading time\" \/>\n\t<meta name=\"twitter:data1\" content=\"1 minute\" \/>\n<script type=\"application\/ld+json\" class=\"yoast-schema-graph\">{\"@context\":\"https:\/\/schema.org\",\"@graph\":[{\"@type\":\"WebPage\",\"@id\":\"https:\/\/covid.si\/o-projektu\/\",\"url\":\"https:\/\/covid.si\/o-projektu\/\",\"name\":\"O projektu - COVID.SI\",\"isPartOf\":{\"@id\":\"https:\/\/covid.si\/#website\"},\"datePublished\":\"2020-11-10T09:09:02+00:00\",\"dateModified\":\"2020-11-10T12:19:25+00:00\",\"breadcrumb\":{\"@id\":\"https:\/\/covid.si\/o-projektu\/#breadcrumb\"},\"inLanguage\":\"en-GB\",\"potentialAction\":[{\"@type\":\"ReadAction\",\"target\":[\"https:\/\/covid.si\/o-projektu\/\"]}]},{\"@type\":\"BreadcrumbList\",\"@id\":\"https:\/\/covid.si\/o-projektu\/#breadcrumb\",\"itemListElement\":[{\"@type\":\"ListItem\",\"position\":1,\"name\":\"Home\",\"item\":\"https:\/\/covid.si\/\"},{\"@type\":\"ListItem\",\"position\":2,\"name\":\"O projektu\"}]},{\"@type\":\"WebSite\",\"@id\":\"https:\/\/covid.si\/#website\",\"url\":\"https:\/\/covid.si\/\",\"name\":\"COVID.SI\",\"description\":\"Skupnostna znanost vs. koronavirus\",\"publisher\":{\"@id\":\"https:\/\/covid.si\/#organization\"},\"potentialAction\":[{\"@type\":\"SearchAction\",\"target\":{\"@type\":\"EntryPoint\",\"urlTemplate\":\"https:\/\/covid.si\/?s={search_term_string}\"},\"query-input\":\"required name=search_term_string\"}],\"inLanguage\":\"en-GB\"},{\"@type\":\"Organization\",\"@id\":\"https:\/\/covid.si\/#organization\",\"name\":\"COVID.SI\",\"url\":\"https:\/\/covid.si\/\",\"logo\":{\"@type\":\"ImageObject\",\"inLanguage\":\"en-GB\",\"@id\":\"https:\/\/covid.si\/#\/schema\/logo\/image\/\",\"url\":\"https:\/\/covid.si\/wp-content\/uploads\/2020\/06\/cropped-logo-01-150x150-1.png\",\"contentUrl\":\"https:\/\/covid.si\/wp-content\/uploads\/2020\/06\/cropped-logo-01-150x150-1.png\",\"width\":150,\"height\":150,\"caption\":\"COVID.SI\"},\"image\":{\"@id\":\"https:\/\/covid.si\/#\/schema\/logo\/image\/\"}}]}<\/script>\n<!-- \/ Yoast SEO plugin. -->","yoast_head_json":{"title":"O projektu - COVID.SI","robots":{"index":"index","follow":"follow","max-snippet":"max-snippet:-1","max-image-preview":"max-image-preview:large","max-video-preview":"max-video-preview:-1"},"canonical":"https:\/\/covid.si\/o-projektu\/","og_locale":"en_GB","og_type":"article","og_title":"O projektu - COVID.SI","og_description":"O projektu Projekt \u201cSKUPNOSTNA ZNANOST IN BOJ PROTI KORONA VIRUSU\u201d je odprt projekt skupnosti dobromisle\u010dih raziskovalcev in prostovoljcev, ki \u017eelimo [&hellip;]","og_url":"https:\/\/covid.si\/o-projektu\/","og_site_name":"COVID.SI","article_modified_time":"2020-11-10T12:19:25+00:00","twitter_card":"summary_large_image","twitter_misc":{"Estimated reading time":"1 minute"},"schema":{"@context":"https:\/\/schema.org","@graph":[{"@type":"WebPage","@id":"https:\/\/covid.si\/o-projektu\/","url":"https:\/\/covid.si\/o-projektu\/","name":"O projektu - COVID.SI","isPartOf":{"@id":"https:\/\/covid.si\/#website"},"datePublished":"2020-11-10T09:09:02+00:00","dateModified":"2020-11-10T12:19:25+00:00","breadcrumb":{"@id":"https:\/\/covid.si\/o-projektu\/#breadcrumb"},"inLanguage":"en-GB","potentialAction":[{"@type":"ReadAction","target":["https:\/\/covid.si\/o-projektu\/"]}]},{"@type":"BreadcrumbList","@id":"https:\/\/covid.si\/o-projektu\/#breadcrumb","itemListElement":[{"@type":"ListItem","position":1,"name":"Home","item":"https:\/\/covid.si\/"},{"@type":"ListItem","position":2,"name":"O projektu"}]},{"@type":"WebSite","@id":"https:\/\/covid.si\/#website","url":"https:\/\/covid.si\/","name":"COVID.SI","description":"Skupnostna znanost vs. koronavirus","publisher":{"@id":"https:\/\/covid.si\/#organization"},"potentialAction":[{"@type":"SearchAction","target":{"@type":"EntryPoint","urlTemplate":"https:\/\/covid.si\/?s={search_term_string}"},"query-input":"required name=search_term_string"}],"inLanguage":"en-GB"},{"@type":"Organization","@id":"https:\/\/covid.si\/#organization","name":"COVID.SI","url":"https:\/\/covid.si\/","logo":{"@type":"ImageObject","inLanguage":"en-GB","@id":"https:\/\/covid.si\/#\/schema\/logo\/image\/","url":"https:\/\/covid.si\/wp-content\/uploads\/2020\/06\/cropped-logo-01-150x150-1.png","contentUrl":"https:\/\/covid.si\/wp-content\/uploads\/2020\/06\/cropped-logo-01-150x150-1.png","width":150,"height":150,"caption":"COVID.SI"},"image":{"@id":"https:\/\/covid.si\/#\/schema\/logo\/image\/"}}]}},"_links":{"self":[{"href":"https:\/\/covid.si\/en\/wp-json\/wp\/v2\/pages\/1580"}],"collection":[{"href":"https:\/\/covid.si\/en\/wp-json\/wp\/v2\/pages"}],"about":[{"href":"https:\/\/covid.si\/en\/wp-json\/wp\/v2\/types\/page"}],"author":[{"embeddable":true,"href":"https:\/\/covid.si\/en\/wp-json\/wp\/v2\/users\/5"}],"replies":[{"embeddable":true,"href":"https:\/\/covid.si\/en\/wp-json\/wp\/v2\/comments?post=1580"}],"version-history":[{"count":17,"href":"https:\/\/covid.si\/en\/wp-json\/wp\/v2\/pages\/1580\/revisions"}],"predecessor-version":[{"id":1634,"href":"https:\/\/covid.si\/en\/wp-json\/wp\/v2\/pages\/1580\/revisions\/1634"}],"wp:attachment":[{"href":"https:\/\/covid.si\/en\/wp-json\/wp\/v2\/media?parent=1580"}],"curies":[{"name":"wp","href":"https:\/\/api.w.org\/{rel}","templated":true}]}}