{"id":1339,"date":"2020-07-17T18:02:20","date_gmt":"2020-07-17T16:02:20","guid":{"rendered":"https:\/\/covid.si\/?page_id=1339"},"modified":"2020-07-31T20:18:08","modified_gmt":"2020-07-31T18:18:08","slug":"prikazovalnik-ligandov","status":"publish","type":"page","link":"https:\/\/covid.si\/prikazovalnik-ligandov\/","title":{"rendered":"Prikazovalnik ligandov"},"content":{"rendered":"\t\t<div data-elementor-type=\"wp-page\" data-elementor-id=\"1339\" class=\"elementor elementor-1339\" data-elementor-post-type=\"page\">\n\t\t\t\t\t\t<section data-particle_enable=\"false\" data-particle-mobile-disabled=\"false\" class=\"elementor-section elementor-top-section elementor-element elementor-element-1eae013 elementor-section-boxed elementor-section-height-default elementor-section-height-default\" data-id=\"1eae013\" data-element_type=\"section\">\n\t\t\t\t\t\t<div class=\"elementor-container elementor-column-gap-default\">\n\t\t\t\t\t<div class=\"elementor-column elementor-col-100 elementor-top-column elementor-element elementor-element-a125aea\" data-id=\"a125aea\" data-element_type=\"column\">\n\t\t\t<div class=\"elementor-widget-wrap elementor-element-populated\">\n\t\t\t\t\t\t<div class=\"elementor-element elementor-element-9fa1b2d elementor-button-align-stretch elementor-widget elementor-widget-form\" data-id=\"9fa1b2d\" data-element_type=\"widget\" data-settings=\"{&quot;step_next_label&quot;:&quot;Next&quot;,&quot;step_previous_label&quot;:&quot;Previous&quot;,&quot;button_width&quot;:&quot;100&quot;,&quot;step_type&quot;:&quot;number_text&quot;,&quot;step_icon_shape&quot;:&quot;circle&quot;}\" data-widget_type=\"form.default\">\n\t\t\t\t<div class=\"elementor-widget-container\">\n\t\t\t\t\t<form class=\"elementor-form\" method=\"post\" name=\"TargetSelector\">\n\t\t\t<input type=\"hidden\" name=\"post_id\" value=\"1339\"\/>\n\t\t\t<input type=\"hidden\" name=\"form_id\" value=\"9fa1b2d\"\/>\n\t\t\t<input type=\"hidden\" name=\"referer_title\" value=\"COVID.SI\" \/>\n\n\t\t\t\n\t\t\t<div class=\"elementor-form-fields-wrapper elementor-labels-above\">\n\t\t\t\t\t\t\t\t<div class=\"elementor-field-type-select elementor-field-group elementor-column elementor-field-group-r elementor-col-100\">\n\t\t\t\t\t\t\t\t\t\t\t\t<label for=\"form-field-r\" class=\"elementor-field-label\">\n\t\t\t\t\t\t\t\tTar\u010da\t\t\t\t\t\t\t<\/label>\n\t\t\t\t\t\t\t\t<div class=\"elementor-field elementor-select-wrapper remove-before \">\n\t\t\t<div class=\"select-caret-down-wrapper\">\n\t\t\t\t<i aria-hidden=\"true\" class=\"eicon-caret-down\"><\/i>\t\t\t<\/div>\n\t\t\t<select name=\"form_fields[r]\" id=\"form-field-r\" class=\"elementor-field-textual elementor-size-sm\">\n\t\t\t\t\t\t\t\t\t<option value=\"\"><\/option>\n\t\t\t\t\t\t\t<\/select>\n\t\t<\/div>\n\t\t\t\t\t\t<\/div>\n\t\t\t\t\t\t\t\t<div class=\"elementor-field-type-radio elementor-field-group elementor-column elementor-field-group-v1 elementor-col-100\">\n\t\t\t\t\t\t\t\t\t\t\t\t<label for=\"form-field-v1\" class=\"elementor-field-label\">\n\t\t\t\t\t\t\t\tMo\u017enosti prikaza\t\t\t\t\t\t\t<\/label>\n\t\t\t\t\t\t<div class=\"elementor-field-subgroup  \"><span class=\"elementor-field-option\"><input type=\"radio\" value=\"0\" id=\"form-field-v1-0\" name=\"form_fields[v1]\"> <label for=\"form-field-v1-0\">Prika\u017ei le ogrodje proteina<\/label><\/span><span class=\"elementor-field-option\"><input type=\"radio\" value=\"1\" id=\"form-field-v1-1\" name=\"form_fields[v1]\"> <label for=\"form-field-v1-1\">Prika\u017ei stranske verige aminokislin<\/label><\/span><span class=\"elementor-field-option\"><input type=\"radio\" value=\"2\" id=\"form-field-v1-2\" name=\"form_fields[v1]\"> <label for=\"form-field-v1-2\">Prika\u017ei povr\u0161je tar\u010de<\/label><\/span><\/div>\t\t\t\t<\/div>\n\t\t\t\t\t\t\t\t<div class=\"elementor-field-group elementor-column elementor-field-type-submit elementor-col-100 e-form__buttons\">\n\t\t\t\t\t<button type=\"submit\" class=\"elementor-button elementor-size-sm\" id=\"TargetConfirm\">\n\t\t\t\t\t\t<span >\n\t\t\t\t\t\t\t\t\t\t\t\t\t\t\t<span class=\"elementor-align-icon-left elementor-button-icon\">\n\t\t\t\t\t\t\t\t\t<i aria-hidden=\"true\" class=\"far fa-eye\"><\/i>\t\t\t\t\t\t\t\t\t\t\t\t\t\t\t\t\t<\/span>\n\t\t\t\t\t\t\t\t\t\t\t\t\t\t\t\t\t\t\t\t\t\t<span class=\"elementor-button-text\">Prika\u017ei<\/span>\n\t\t\t\t\t\t\t\t\t\t\t\t\t<\/span>\n\t\t\t\t\t<\/button>\n\t\t\t\t<\/div>\n\t\t\t<\/div>\n\t\t<\/form>\n\t\t\t\t<\/div>\n\t\t\t\t<\/div>\n\t\t\t\t\t<\/div>\n\t\t<\/div>\n\t\t\t\t\t<\/div>\n\t\t<\/section>\n\t\t\t\t<section data-particle_enable=\"false\" data-particle-mobile-disabled=\"false\" class=\"elementor-section elementor-top-section elementor-element elementor-element-128c440 elementor-section-full_width elementor-section-height-default elementor-section-height-default\" data-id=\"128c440\" data-element_type=\"section\">\n\t\t\t\t\t\t<div class=\"elementor-container elementor-column-gap-default\">\n\t\t\t\t\t<div class=\"elementor-column elementor-col-50 elementor-top-column elementor-element elementor-element-da7065e\" data-id=\"da7065e\" data-element_type=\"column\">\n\t\t\t<div class=\"elementor-widget-wrap elementor-element-populated\">\n\t\t\t\t\t\t<div class=\"elementor-element elementor-element-b9b94c6 elementor-widget elementor-widget-html\" data-id=\"b9b94c6\" data-element_type=\"widget\" data-widget_type=\"html.default\">\n\t\t\t\t<div class=\"elementor-widget-container\">\n\t\t\t<script src=\"\/res\/ngl.js\"><\/script>\r\n<script src = \"https:\/\/d3js.org\/d3.v4.min.js\"><\/script>\r\n<script>\r\nfunction getQueryVariable(variable)\r\n{\r\n       var query = window.location.search.substring(1);\r\n       var vars = query.split(\"&\");\r\n       for (var i=0;i<vars.length;i++) {\r\n               var pair = vars[i].split(\"=\");\r\n               if(pair[0] == variable){return pair[1];}\r\n       }\r\n       return(false);\r\n}\r\n<\/script>\r\nTar\u010da: <span id=\"r\"><\/span> Ligand : <span id=\"ligid\"><\/span>\r\n<div id=\"viewport\" style=\"overflow: hidden;  width: 100%; height: 500px; left: 10px; border: 2px outset silver;\"><\/div>\r\n<div>Naziv: <span id=\"title_lig\"><\/span><br>\r\nTotal Ocena: <span id=\"total\"><\/span><br>\r\nInterakcijska ocena : <span id=\"inter\"><\/span><\/div><br>\r\n<script>\r\nvar r = 2\r\nvar ligid = 0\r\nvar r  =  getQueryVariable(\"r\")\r\nvar v1  =  getQueryVariable(\"v1\")\r\n\r\ndocument.getElementById(\"r\").innerHTML = r\r\ndocument.getElementById(\"ligid\").innerHTML = 0\r\n  \r\nvar target = \"\/res\/r\/rec_\" + r  + \".mol2\"\r\nvar ligands = \"\/res\/l\/l_\" + r  + \".sdf\"\r\nvar scorefile = \"\/res\/c\/l_\" + r + \".csv\"\r\n\r\n\/\/ Create NGL Stage object\r\nvar stage = new NGL.Stage(\"viewport\");\r\nstage.setParameters({ backgroundColor: \"black\" })\r\n\r\nfunction addElement (el) {\r\n  Object.assign(el.style, {\r\n    position: 'absolute',\r\n    zIndex: 50\r\n  })\r\n  stage.viewer.container.appendChild(el)\r\n}\r\n\r\nfunction createElement (name, properties, style) {\r\n  var el = document.createElement(name)\r\n  Object.assign(el, properties)\r\n  Object.assign(el.style, style)\r\n  return el\r\n}\r\n\r\n\r\nstage.loadFile(ligands).then(function (o) {\r\n  o.setSelection('\/' + ligid)\r\n  \/\/o.addRepresentation('hyperball')\r\n  o.addRepresentation(\"surface\", {sele: \"ligand\", color: \"tomato\", surfaceType: \"av\", opacity: 0.7, side: \"front\"})\r\n  document.getElementById(\"ligid\").innerHTML = ligid\r\n  d3.csv(scorefile,function (data) {\r\n        document.getElementById(\"title_lig\").innerHTML = data[ligid]._TITLE1\r\n        document.getElementById(\"total\").innerHTML = data[ligid].TOTAL\r\n        document.getElementById(\"inter\").innerHTML = data[ligid].INTER\r\n  })\r\n  o.autoView()\r\n)\r\n\r\nstage.loadFile(target).then(function (o1) {\r\n  o1.addRepresentation('cartoon', {color: \"white\"})\r\nif (v1==1){\r\n  var sele = \"not _H\"\r\n  var sele2 = \"_C\" \r\n  o1.addRepresentation( \"line\",{sele: sele})\r\n  o1.addRepresentation( \"line\",{sele: sele2, color: \"white\"})\r\n  }\r\nif (v1==2){\r\n  var sele = \"not _H\" \r\n  o1.addRepresentation( \"line\", {sele: sele})\r\n  o1.addRepresentation(\"surface\",{sele: \"polymer\",color: \"white\",surfaceType: \"av\", opacity: 0.9,side: \"front\" })\r\n  }   \r\no1.autoView()\r\n})\r\n\r\n<\/script>\t\t<\/div>\n\t\t\t\t<\/div>\n\t\t\t\t\t<\/div>\n\t\t<\/div>\n\t\t\t\t<div class=\"elementor-column elementor-col-50 elementor-top-column elementor-element elementor-element-cd06289\" data-id=\"cd06289\" data-element_type=\"column\">\n\t\t\t<div class=\"elementor-widget-wrap elementor-element-populated\">\n\t\t\t\t\t\t<div class=\"elementor-element elementor-element-7e67442 elementor-widget elementor-widget-text-editor\" data-id=\"7e67442\" data-element_type=\"widget\" data-widget_type=\"text-editor.default\">\n\t\t\t\t<div class=\"elementor-widget-container\">\n\t\t\t\t\t\t\t<p>Pozdravljeni v pregledovalniku ligandov.<\/p><p>Tukaj si lahko ogledate, kako se je ligand (rde\u010de obarvan) sidril na tar\u010do (sivo obarvano). To je rezultat sidranja &#8211; torej na\u0161ih misij &#8211; poiskati ligande, ki se sidrijo na tar\u010do \u010dim bolje.<\/p><p>Ligandi, ki najlep\u0161e nalegajo povr\u0161ino tar\u010de, so najbolj\u0161i kandidati za nadaljne obdelave, laboratorijske in klini\u010dne raziskave.<\/p><p>\u010ce si \u017eelite ogledati naslednji ligand na tar\u010di, pomaknite z mi\u0161ko drsnik v prikazovalniku desno, za bolj natan\u010dno premikanje uporabite pu\u0161\u010dico v desno na tipkovnici. Za vsako tar\u010do je na razpolago 200 najbolj\u0161ih ligandov.<\/p><p>Ukazi:<\/p><ul><li>klik in pridr\u017eanje levega gumba mi\u0161ke + premik mi\u0161ke = obra\u010danje tar\u010de<\/li><li>klik in pridr\u017eanje desnega gumba mi\u0161ke + premik mi\u0161ke = premikanje tar\u010de<\/li><li>premikanje kolesca mi\u0161ke = pove\u010danje\/pomanj\u0161anje<\/li><li>&#8220;R&#8221; tipka = ponastavitve pogleda (poka\u017ee celotno tar\u010do)<\/li><li>&#8220;I&#8221; tipka = vklop\/izklop po\u010dasne rotacije tar\u010de<\/li><\/ul>\t\t\t\t\t\t<\/div>\n\t\t\t\t<\/div>\n\t\t\t\t\t<\/div>\n\t\t<\/div>\n\t\t\t\t\t<\/div>\n\t\t<\/section>\n\t\t\t\t<\/div>\n\t\t","protected":false},"excerpt":{"rendered":"<p>Tar\u010da: Ligand : Naziv: Total Ocena: Interakcijska ocena : Pozdravljeni v pregledovalniku ligandov. Tukaj si lahko ogledate, kako se je [&hellip;]<\/p>\n","protected":false},"author":5,"featured_media":0,"parent":0,"menu_order":0,"comment_status":"closed","ping_status":"closed","template":"page-templates\/template_fullwidth.php","meta":{"footnotes":""},"yoast_head":"<!-- This site is optimized with the Yoast SEO plugin v22.5 - https:\/\/yoast.com\/wordpress\/plugins\/seo\/ -->\n<title>Prikazovalnik ligandov - COVID.SI<\/title>\n<meta name=\"robots\" content=\"index, follow, max-snippet:-1, max-image-preview:large, max-video-preview:-1\" \/>\n<link rel=\"canonical\" href=\"https:\/\/covid.si\/prikazovalnik-ligandov\/\" \/>\n<meta property=\"og:locale\" content=\"ru_RU\" \/>\n<meta property=\"og:type\" content=\"article\" \/>\n<meta property=\"og:title\" content=\"Prikazovalnik ligandov - COVID.SI\" \/>\n<meta property=\"og:description\" content=\"Tar\u010da: Ligand : Naziv: Total Ocena: Interakcijska ocena : Pozdravljeni v pregledovalniku ligandov. Tukaj si lahko ogledate, kako se je [&hellip;]\" \/>\n<meta property=\"og:url\" content=\"https:\/\/covid.si\/prikazovalnik-ligandov\/\" \/>\n<meta property=\"og:site_name\" content=\"COVID.SI\" \/>\n<meta property=\"article:modified_time\" content=\"2020-07-31T18:18:08+00:00\" \/>\n<meta name=\"twitter:card\" content=\"summary_large_image\" \/>\n<meta name=\"twitter:label1\" content=\"Est. reading time\" \/>\n\t<meta name=\"twitter:data1\" content=\"1 minute\" \/>\n<script type=\"application\/ld+json\" class=\"yoast-schema-graph\">{\"@context\":\"https:\/\/schema.org\",\"@graph\":[{\"@type\":\"WebPage\",\"@id\":\"https:\/\/covid.si\/prikazovalnik-ligandov\/\",\"url\":\"https:\/\/covid.si\/prikazovalnik-ligandov\/\",\"name\":\"Prikazovalnik ligandov - COVID.SI\",\"isPartOf\":{\"@id\":\"https:\/\/covid.si\/#website\"},\"datePublished\":\"2020-07-17T16:02:20+00:00\",\"dateModified\":\"2020-07-31T18:18:08+00:00\",\"breadcrumb\":{\"@id\":\"https:\/\/covid.si\/prikazovalnik-ligandov\/#breadcrumb\"},\"inLanguage\":\"ru-RU\",\"potentialAction\":[{\"@type\":\"ReadAction\",\"target\":[\"https:\/\/covid.si\/prikazovalnik-ligandov\/\"]}]},{\"@type\":\"BreadcrumbList\",\"@id\":\"https:\/\/covid.si\/prikazovalnik-ligandov\/#breadcrumb\",\"itemListElement\":[{\"@type\":\"ListItem\",\"position\":1,\"name\":\"Home\",\"item\":\"https:\/\/covid.si\/en\/\"},{\"@type\":\"ListItem\",\"position\":2,\"name\":\"Prikazovalnik ligandov\"}]},{\"@type\":\"WebSite\",\"@id\":\"https:\/\/covid.si\/#website\",\"url\":\"https:\/\/covid.si\/\",\"name\":\"COVID.SI\",\"description\":\"Skupnostna znanost vs. koronavirus\",\"publisher\":{\"@id\":\"https:\/\/covid.si\/#organization\"},\"potentialAction\":[{\"@type\":\"SearchAction\",\"target\":{\"@type\":\"EntryPoint\",\"urlTemplate\":\"https:\/\/covid.si\/?s={search_term_string}\"},\"query-input\":\"required name=search_term_string\"}],\"inLanguage\":\"ru-RU\"},{\"@type\":\"Organization\",\"@id\":\"https:\/\/covid.si\/#organization\",\"name\":\"COVID.SI\",\"url\":\"https:\/\/covid.si\/\",\"logo\":{\"@type\":\"ImageObject\",\"inLanguage\":\"ru-RU\",\"@id\":\"https:\/\/covid.si\/#\/schema\/logo\/image\/\",\"url\":\"https:\/\/covid.si\/wp-content\/uploads\/2020\/06\/cropped-logo-01-150x150-1.png\",\"contentUrl\":\"https:\/\/covid.si\/wp-content\/uploads\/2020\/06\/cropped-logo-01-150x150-1.png\",\"width\":150,\"height\":150,\"caption\":\"COVID.SI\"},\"image\":{\"@id\":\"https:\/\/covid.si\/#\/schema\/logo\/image\/\"}}]}<\/script>\n<!-- \/ Yoast SEO plugin. -->","yoast_head_json":{"title":"Prikazovalnik ligandov - COVID.SI","robots":{"index":"index","follow":"follow","max-snippet":"max-snippet:-1","max-image-preview":"max-image-preview:large","max-video-preview":"max-video-preview:-1"},"canonical":"https:\/\/covid.si\/prikazovalnik-ligandov\/","og_locale":"ru_RU","og_type":"article","og_title":"Prikazovalnik ligandov - COVID.SI","og_description":"Tar\u010da: Ligand : Naziv: Total Ocena: Interakcijska ocena : Pozdravljeni v pregledovalniku ligandov. Tukaj si lahko ogledate, kako se je [&hellip;]","og_url":"https:\/\/covid.si\/prikazovalnik-ligandov\/","og_site_name":"COVID.SI","article_modified_time":"2020-07-31T18:18:08+00:00","twitter_card":"summary_large_image","twitter_misc":{"Est. reading time":"1 minute"},"schema":{"@context":"https:\/\/schema.org","@graph":[{"@type":"WebPage","@id":"https:\/\/covid.si\/prikazovalnik-ligandov\/","url":"https:\/\/covid.si\/prikazovalnik-ligandov\/","name":"Prikazovalnik ligandov - COVID.SI","isPartOf":{"@id":"https:\/\/covid.si\/#website"},"datePublished":"2020-07-17T16:02:20+00:00","dateModified":"2020-07-31T18:18:08+00:00","breadcrumb":{"@id":"https:\/\/covid.si\/prikazovalnik-ligandov\/#breadcrumb"},"inLanguage":"ru-RU","potentialAction":[{"@type":"ReadAction","target":["https:\/\/covid.si\/prikazovalnik-ligandov\/"]}]},{"@type":"BreadcrumbList","@id":"https:\/\/covid.si\/prikazovalnik-ligandov\/#breadcrumb","itemListElement":[{"@type":"ListItem","position":1,"name":"Home","item":"https:\/\/covid.si\/en\/"},{"@type":"ListItem","position":2,"name":"Prikazovalnik ligandov"}]},{"@type":"WebSite","@id":"https:\/\/covid.si\/#website","url":"https:\/\/covid.si\/","name":"COVID.SI","description":"Skupnostna znanost vs. koronavirus","publisher":{"@id":"https:\/\/covid.si\/#organization"},"potentialAction":[{"@type":"SearchAction","target":{"@type":"EntryPoint","urlTemplate":"https:\/\/covid.si\/?s={search_term_string}"},"query-input":"required name=search_term_string"}],"inLanguage":"ru-RU"},{"@type":"Organization","@id":"https:\/\/covid.si\/#organization","name":"COVID.SI","url":"https:\/\/covid.si\/","logo":{"@type":"ImageObject","inLanguage":"ru-RU","@id":"https:\/\/covid.si\/#\/schema\/logo\/image\/","url":"https:\/\/covid.si\/wp-content\/uploads\/2020\/06\/cropped-logo-01-150x150-1.png","contentUrl":"https:\/\/covid.si\/wp-content\/uploads\/2020\/06\/cropped-logo-01-150x150-1.png","width":150,"height":150,"caption":"COVID.SI"},"image":{"@id":"https:\/\/covid.si\/#\/schema\/logo\/image\/"}}]}},"_links":{"self":[{"href":"https:\/\/covid.si\/ru\/wp-json\/wp\/v2\/pages\/1339"}],"collection":[{"href":"https:\/\/covid.si\/ru\/wp-json\/wp\/v2\/pages"}],"about":[{"href":"https:\/\/covid.si\/ru\/wp-json\/wp\/v2\/types\/page"}],"author":[{"embeddable":true,"href":"https:\/\/covid.si\/ru\/wp-json\/wp\/v2\/users\/5"}],"replies":[{"embeddable":true,"href":"https:\/\/covid.si\/ru\/wp-json\/wp\/v2\/comments?post=1339"}],"version-history":[{"count":11,"href":"https:\/\/covid.si\/ru\/wp-json\/wp\/v2\/pages\/1339\/revisions"}],"predecessor-version":[{"id":1355,"href":"https:\/\/covid.si\/ru\/wp-json\/wp\/v2\/pages\/1339\/revisions\/1355"}],"wp:attachment":[{"href":"https:\/\/covid.si\/ru\/wp-json\/wp\/v2\/media?parent=1339"}],"curies":[{"name":"wp","href":"https:\/\/api.w.org\/{rel}","templated":true}]}}